{"id":87,"date":"2026-03-16T18:37:55","date_gmt":"2026-03-16T18:37:55","guid":{"rendered":"https:\/\/fest-i-vest.dk\/?page_id=87"},"modified":"2026-03-16T18:53:21","modified_gmt":"2026-03-16T18:53:21","slug":"tilmelding","status":"publish","type":"page","link":"https:\/\/fest-i-vest.dk\/","title":{"rendered":"Tilmelding"},"content":{"rendered":"\n<p><strong>HVORN\u00c5R HAR DU SIDST V\u00c6RET TILBAGE P\u00c5 VESTJYLLANDS?<\/strong><\/p>\n\n\n\n<p>Savner du ogs\u00e5 at kigge p\u00e5 Wendy-magasiner eller browse p\u00e5 <a href=\"http:\/\/hestenet.dk\">Hestenet.dk<\/a> p\u00e5 en bl\u00e6sende aften i det vestjyske med alle dine bedste venner? S\u00e5 hop op p\u00e5 sadlen, s\u00e6t i galop mod Skraldhedevej 8 og kom til <strong>FOR\u00c5RSELEVWEEKEND 2026<\/strong>!<\/p>\n\n\n\n<p><strong>DET PRAKTISKE <\/strong>f\u00f8rst: Weekenden ligger <strong>d. 14.-17. maj<\/strong> med velkomsts-linedance i dansesalen torsdag aften kl. 20.00 og afrejse s\u00f8ndag kl. 12. Billetprisen er s\u00f8lle <strong>385 kr.<\/strong> Der vil som altid v\u00e6re mulighed for at sove p\u00e5 sovesal eller i eget medbragt telt. Du skal tilmelde dig inden <strong>d. 1. maj!<\/strong> Det g\u00f8r du ved at udfylde formularen nedenunder, og s\u00e5 sende 385 kr til vores MobilePay 266992 eller konto 5348 0000245854 i Arbejdernes Landsbank.<\/p>\n\n\n\n<p>\u00c5rets tema er <a href=\"https:\/\/www.theguardian.com\/lifeandstyle\/2026\/feb\/19\/fire-horse-zodiac-sign-lunar-new-year-explained-predictions\"><strong>ILDHESTEN<\/strong><\/a><strong>,<\/strong> s\u00e5 vi gl\u00e6der os til at se dit kreative bud p\u00e5 udkl\u00e6dning til udkl\u00e6dningsfesten l\u00f8rdag aften: M\u00e5ske du skal indtage skolen med din Trojanske Hest? Bringe unik og intens forandring som <a href=\"https:\/\/www.youtube.com\/watch?v=IUnML3rMCwk&amp;list=RDIUnML3rMCwk&amp;start_radio=1\">hestens svar p\u00e5 en f\u00f8niks<\/a>? Eller komme i dit stiveste hestev\u00e6ddel\u00f8bspuds? Uanset hvad, gl\u00e6der vi os til at fejre, en gang for alle, at vi har skiftet kollektiv ham og lagt slangens \u00e5r bag os. Lad os ride ind p\u00e5 floor sammen, hvor vi ogs\u00e5 har hyret et <strong>FEDT<\/strong> <strong>BAND<\/strong> til at spille op til dans. Og husk; Ingen fest i vest, uden <a href=\"https:\/\/open.spotify.com\/track\/46PRAC9BDGinxWR2Jw6chN?si=57046c27e660408f\">hest<\/a>!<\/p>\n\n\n\n<p><strong>HVAD SKAL DER SKE?<\/strong> Foruden gensyn med dine bedste VH-venner kan du se frem til: At m\u00f8de nye s\u00f8de mennesker, fede workshops, Caf\u00e9aften, linedance, festmiddag og udkl\u00e6dningsfest, k\u00f8kkenets l\u00e6kre mad, diskofodbold, <a href=\"https:\/\/www.youtube.com\/watch?v=O8nZkXfng4A\">k\u00e6phesteridning<\/a> og Elevforeningens Generalforsamling, hvor <strong>DU KAN STILLE OP TIL ELEVFORENINGENS BESTYRELSE!<\/strong><\/p>\n\n\n\n<p>Skal du v\u00e6re <strong>WORKSHOPHOLDER<\/strong>? M\u00e5ske vil du facilitere et rollespil? Lave et band, der skal spille til caf\u00e9aftenen? Lave live Derby eller bygge din helt egen k\u00e6pheste-influencerprofil p\u00e5 Instagram? Kun fantasien s\u00e6tter gr\u00e6nser! Fredag er der traditionen tro elevworkshops, s\u00e5 hvis du\/I (maks 3 workshopholdere pr. workshop) har en gode id\u00e9 til en workshop, s\u00e5 send den til os p\u00e5 <a href=\"mailto:elevforgrening@gmail.com\">elevforgrening@gmail.com<\/a> senest d. 17. april kl 23:59. Workshoppen kan vare op til 2 timer og skal have plads til min. 10 deltagere. Som workshopholder kommer du gratis med til Elevweekenden! Vi giver svar s\u00f8ndag den 19. april.<\/p>\n\n\n\n<p>K\u00f8b din billet nu \u2013 der er begr\u00e6nset antal, s\u00e5 det er med at v\u00e6re f\u00f8rste hest over m\u00e5lstregen! \ud83d\udc0e\u2764\ufe0f\u200d\ud83d\udd25<\/p>\n\n\n\n<hr class=\"wp-block-separator has-alpha-channel-opacity\"\/>\n\n\n\n<p><strong>WHEN WAS THE LAST TIME YOU WENT BACK TO VESTJYLLAND?<\/strong><\/p>\n\n\n\n<p>Do you also miss flipping through Wendy magazines or browsing <a href=\"http:\/\/hestenet.dk\">Hestenet.dk<\/a> on a windy evening in West Jutland with all your best friends? Then giddy up and gallop toward Skraldhedevej 8 for <strong>SPRING STUDENT WEEKEND 2026<\/strong>!<\/p>\n\n\n\n<p><strong>THE PRACTICAL DETAILS <\/strong>first<strong>: <\/strong>The weekend takes place <strong>May 14\u201317<\/strong>, with a welcome linedance in the dance hall Thursday evening at 20:00, and departure Sunday at 12:00. The ticket price is only <strong>385 DKK<\/strong>. As always, there will be the option to sleep in the dance hall\/around the school or in your own tent. You can sign up no later than <strong>May 1st<\/strong> by filling out the form below, and then send 385 kr to MobilePay 266992 or bank account 5348 0000245854 in Arbejdernes Landsbank.<\/p>\n\n\n\n<p>This year\u2019s theme is <a href=\"https:\/\/www.theguardian.com\/lifeandstyle\/2026\/feb\/19\/fire-horse-zodiac-sign-lunar-new-year-explained-predictions\"><strong>THE FIRE HORSE<\/strong><\/a>, so we\u2019re excited to see your creative costume ideas for the costume party on Saturday night. Maybe you\u2019ll take over the school with your Trojan Horse? Bring unique and intense change like the <a href=\"https:\/\/www.youtube.com\/watch?v=IUnML3rMCwk&amp;list=RDIUnML3rMCwk&amp;start_radio=1\">horse version of a phoenix<\/a>? Or show up in your finest horse-racing attire? Whatever you choose, we look forward to celebrating\u2014once and for all\u2014that we\u2019ve shed our collective skin and left the Year of the Snake behind us. Let\u2019s ride onto the dance floor together, where we\u2019ve also hired a<strong> GREAT BAND<\/strong> to play for dancing. And remember: No party without a <a href=\"https:\/\/open.spotify.com\/track\/46PRAC9BDGinxWR2Jw6chN?si=57046c27e660408f\">horse<\/a>!<\/p>\n\n\n\n<p><strong>WHAT WILL HAPPEN? <\/strong>Besides reuniting with your best VH friends, you can look forward to: Meeting new lovely people, cool workshops, caf\u00e9 evening, linedancing, festive dinner and costume party, delicious food from the kitchen, disco football, <a href=\"https:\/\/www.youtube.com\/watch?v=O8nZkXfng4A\">hobby horse riding<\/a>, and the <strong>Student Association\u2019s General Assembly<\/strong>, where <strong>YOU CAN RUN FOR THE STUDENT ASSOCIATION BOARD!<\/strong><\/p>\n\n\n\n<p><strong>DO YOU WANT TO BE A WORKSHOP HOST? <\/strong>Maybe you want to do role-playing in the gardens? Start a band to play at the caf\u00e9 evening? Organize a live Derby? Or build your own hobby-horse influencer profile on Instagram? The sky is the limit!<\/p>\n\n\n\n<p>Friday will as usual feature <strong>student-led workshops<\/strong>. If you (max 3 workshop hosts per workshop) have a good idea, send it to <strong>elevforgrening@gmail.com<\/strong> no later than April 17 at 23:59. The workshop can last up to 2 hours and must allow at least 10 participants. <strong>Workshop hosts attend the Elev Weekend for free! <\/strong>We\u2019ll respond to the future workshop hosts <strong>Sunday, April 19<\/strong>.<\/p>\n\n\n\n<p>Buy your ticket now \u2014 there are limited tickets available, so they are going to the fastest horse over the finish line! \ud83d\udc0e\ud83d\udd25<\/p>\n\n\n\n<div class=\"forminator-guttenberg\"><div class=\"forminator-ui forminator-custom-form forminator-custom-form-13 forminator-design--default  forminator_ajax\" data-forminator-render=\"0\" data-form=\"forminator-module-13\" data-uid=\"69d078aa81b47\"><br\/><\/div><form\n\t\t\t\tid=\"forminator-module-13\"\n\t\t\t\tclass=\"forminator-ui forminator-custom-form forminator-custom-form-13 forminator-design--default  forminator_ajax\"\n\t\t\t\tmethod=\"post\"\n\t\t\t\tdata-forminator-render=\"0\"\n\t\t\t\tdata-form-id=\"13\"\n\t\t\t\t data-color-option=\"theme\" data-design=\"default\" data-grid=\"open\" style=\"display: none;\"\n\t\t\t\tdata-uid=\"69d078aa81b47\"\n\t\t\t><div role=\"alert\" aria-live=\"polite\" class=\"forminator-response-message forminator-error\" aria-hidden=\"true\"><\/div><div class=\"forminator-row\"><div id=\"name-1\" class=\"forminator-field-name forminator-col forminator-col-12 \"><div class=\"forminator-field\"><label for=\"forminator-field-name-1_69d078aa81b47\" id=\"forminator-field-name-1_69d078aa81b47-label\" class=\"forminator-label\">Navn <span class=\"forminator-required\">*<\/span><\/label><input type=\"text\" name=\"name-1\" value=\"\" placeholder=\"\" id=\"forminator-field-name-1_69d078aa81b47\" class=\"forminator-input forminator-name--field\" aria-required=\"true\" autocomplete=\"name\" \/><\/div><\/div><\/div><div class=\"forminator-row\"><div id=\"email-1\" class=\"forminator-field-email forminator-col forminator-col-12 \"><div class=\"forminator-field\"><label for=\"forminator-field-email-1_69d078aa81b47\" id=\"forminator-field-email-1_69d078aa81b47-label\" class=\"forminator-label\">Email <span class=\"forminator-required\">*<\/span><\/label><input type=\"email\" name=\"email-1\" value=\"\" placeholder=\"\" id=\"forminator-field-email-1_69d078aa81b47\" class=\"forminator-input forminator-email--field\" data-required=\"1\" aria-required=\"true\" autocomplete=\"email\" \/><\/div><\/div><\/div><div class=\"forminator-row\"><div id=\"number-1\" class=\"forminator-field-number forminator-col forminator-col-6 \"><div class=\"forminator-field\"><label for=\"forminator-field-number-1_69d078aa81b47\" id=\"forminator-field-number-1_69d078aa81b47-label\" class=\"forminator-label\">\u00c5rgang <span class=\"forminator-required\">*<\/span><\/label><input name=\"number-1\" value=\"\" placeholder=\"\" id=\"forminator-field-number-1_69d078aa81b47\" class=\"forminator-input forminator-number--field\" inputmode=\"decimal\" data-required=\"1\" data-decimals=\"0\" aria-required=\"true\" data-inputmask=\"&#039;groupSeparator&#039;: &#039;&#039;, &#039;radixPoint&#039;: &#039;&#039;, &#039;digits&#039;: &#039;0&#039;\" data-hidden-behavior=\"zero\" type=\"number\" step=\"any\" min=\"1900\" max=\"2030\" \/><\/div><\/div><div id=\"text-1\" class=\"forminator-field-text forminator-col forminator-col-6 \"><div class=\"forminator-field\"><label for=\"forminator-field-text-1_69d078aa81b47\" id=\"forminator-field-text-1_69d078aa81b47-label\" class=\"forminator-label\">For\u00e5r\/Efter\u00e5r<\/label><input type=\"text\" name=\"text-1\" value=\"\" placeholder=\"\" id=\"forminator-field-text-1_69d078aa81b47\" class=\"forminator-input forminator-name--field\" data-required=\"\" \/><\/div><\/div><\/div><div class=\"forminator-row\"><div id=\"checkbox-1\" class=\"forminator-field-checkbox forminator-col forminator-col-12 \"><div role=\"group\" class=\"forminator-field required\" aria-labelledby=\"forminator-checkbox-group-forminator-field-checkbox-1-69d078aa81b47-label\"><span id=\"forminator-checkbox-group-forminator-field-checkbox-1-69d078aa81b47-label\" class=\"forminator-label\">Hvilke dage er du med? <span class=\"forminator-required\">*<\/span><\/span><label id=\"forminator-field-checkbox-1-1-69d078aa81b47-label\" for=\"forminator-field-checkbox-1-1-69d078aa81b47\" class=\"forminator-checkbox forminator-checkbox-inline\" title=\"Torsdag\"><input type=\"checkbox\" name=\"checkbox-1[]\" value=\"one\" id=\"forminator-field-checkbox-1-1-69d078aa81b47\" aria-labelledby=\"forminator-field-checkbox-1-1-69d078aa81b47-label\" data-calculation=\"0\" checked=\"checked\"  data-hidden-behavior=\"zero\"\/><span class=\"forminator-checkbox-box\" aria-hidden=\"true\"><\/span><span class=\"forminator-checkbox-label\">Torsdag<\/span><\/label><label id=\"forminator-field-checkbox-1-2-69d078aa81b47-label\" for=\"forminator-field-checkbox-1-2-69d078aa81b47\" class=\"forminator-checkbox forminator-checkbox-inline\" title=\"Fredag\"><input type=\"checkbox\" name=\"checkbox-1[]\" value=\"two\" id=\"forminator-field-checkbox-1-2-69d078aa81b47\" aria-labelledby=\"forminator-field-checkbox-1-2-69d078aa81b47-label\" data-calculation=\"0\" checked=\"checked\"  data-hidden-behavior=\"zero\"\/><span class=\"forminator-checkbox-box\" aria-hidden=\"true\"><\/span><span class=\"forminator-checkbox-label\">Fredag<\/span><\/label><label id=\"forminator-field-checkbox-1-3-69d078aa81b47-label\" for=\"forminator-field-checkbox-1-3-69d078aa81b47\" class=\"forminator-checkbox forminator-checkbox-inline\" title=\"L\u00f8rdag\"><input type=\"checkbox\" name=\"checkbox-1[]\" value=\"L\u00f8rdag\" id=\"forminator-field-checkbox-1-3-69d078aa81b47\" aria-labelledby=\"forminator-field-checkbox-1-3-69d078aa81b47-label\" data-calculation=\"0\" checked=\"checked\"  data-hidden-behavior=\"zero\"\/><span class=\"forminator-checkbox-box\" aria-hidden=\"true\"><\/span><span class=\"forminator-checkbox-label\">L\u00f8rdag<\/span><\/label><label id=\"forminator-field-checkbox-1-4-69d078aa81b47-label\" for=\"forminator-field-checkbox-1-4-69d078aa81b47\" class=\"forminator-checkbox forminator-checkbox-inline\" title=\"S\u00f8ndag\"><input type=\"checkbox\" name=\"checkbox-1[]\" value=\"S\u00f8ndag\" id=\"forminator-field-checkbox-1-4-69d078aa81b47\" aria-labelledby=\"forminator-field-checkbox-1-4-69d078aa81b47-label\" data-calculation=\"0\" checked=\"checked\"  data-hidden-behavior=\"zero\"\/><span class=\"forminator-checkbox-box\" aria-hidden=\"true\"><\/span><span class=\"forminator-checkbox-label\">S\u00f8ndag<\/span><\/label><\/div><\/div><\/div><div class=\"forminator-row\"><div id=\"radio-2\" class=\"forminator-field-radio forminator-col forminator-col-12 \"><div role=\"radiogroup\" class=\"forminator-field\" aria-labelledby=\"forminator-radiogroup-radio-2-69d078aa81b47-label\"><span id=\"forminator-radiogroup-radio-2-69d078aa81b47-label\" class=\"forminator-label\">Indkvartering <span class=\"forminator-required\">*<\/span><\/span><label id=\"forminator-field-radio-2-label-1\" for=\"forminator-field-radio-2-1-69d078aa81b47\" class=\"forminator-radio\" title=\"Sovesal\"><input type=\"radio\" name=\"radio-2\" value=\"two\" id=\"forminator-field-radio-2-1-69d078aa81b47\" aria-labelledby=\"forminator-field-radio-2-label-1\" data-calculation=\"0\"   data-hidden-behavior=\"zero\"\/><span class=\"forminator-radio-bullet\" aria-hidden=\"true\"><\/span><span class=\"forminator-radio-label\">Sovesal<\/span><\/label><label id=\"forminator-field-radio-2-label-2\" for=\"forminator-field-radio-2-2-69d078aa81b47\" class=\"forminator-radio\" title=\"Eget telt\"><input type=\"radio\" name=\"radio-2\" value=\"one\" id=\"forminator-field-radio-2-2-69d078aa81b47\" aria-labelledby=\"forminator-field-radio-2-label-2\" data-calculation=\"0\"   data-hidden-behavior=\"zero\"\/><span class=\"forminator-radio-bullet\" aria-hidden=\"true\"><\/span><span class=\"forminator-radio-label\">Eget telt<\/span><\/label><\/div><\/div><\/div><div class=\"forminator-row\"><div id=\"radio-1\" class=\"forminator-field-radio forminator-col forminator-col-12 \"><div role=\"radiogroup\" class=\"forminator-field\" aria-labelledby=\"forminator-radiogroup-radio-1-69d078aa81b47-label\"><span id=\"forminator-radiogroup-radio-1-69d078aa81b47-label\" class=\"forminator-label\">Madvaner <span class=\"forminator-required\">*<\/span><\/span><label id=\"forminator-field-radio-1-label-1\" for=\"forminator-field-radio-1-1-69d078aa81b47\" class=\"forminator-radio\" title=\"Vegetarisk\"><input type=\"radio\" name=\"radio-1\" value=\"one\" id=\"forminator-field-radio-1-1-69d078aa81b47\" aria-labelledby=\"forminator-field-radio-1-label-1\" data-calculation=\"0\"   data-hidden-behavior=\"zero\"\/><span class=\"forminator-radio-bullet\" aria-hidden=\"true\"><\/span><span class=\"forminator-radio-label\">Vegetarisk<\/span><\/label><label id=\"forminator-field-radio-1-label-2\" for=\"forminator-field-radio-1-2-69d078aa81b47\" class=\"forminator-radio\" title=\"Altspisende\"><input type=\"radio\" name=\"radio-1\" value=\"Nej,-jeg-er-veganer\" id=\"forminator-field-radio-1-2-69d078aa81b47\" aria-labelledby=\"forminator-field-radio-1-label-2\" data-calculation=\"0\"   data-hidden-behavior=\"zero\"\/><span class=\"forminator-radio-bullet\" aria-hidden=\"true\"><\/span><span class=\"forminator-radio-label\">Altspisende<\/span><\/label><label id=\"forminator-field-radio-1-label-3\" for=\"forminator-field-radio-1-3-69d078aa81b47\" class=\"forminator-radio\" title=\"Vegansk\"><input type=\"radio\" name=\"radio-1\" value=\"two\" id=\"forminator-field-radio-1-3-69d078aa81b47\" aria-labelledby=\"forminator-field-radio-1-label-3\" data-calculation=\"0\"   data-hidden-behavior=\"zero\"\/><span class=\"forminator-radio-bullet\" aria-hidden=\"true\"><\/span><span class=\"forminator-radio-label\">Vegansk<\/span><\/label><\/div><\/div><\/div><div class=\"forminator-row\"><div id=\"textarea-1\" class=\"forminator-field-textarea forminator-col forminator-col-12 \"><div class=\"forminator-field\"><label for=\"forminator-field-textarea-1_69d078aa81b47\" id=\"forminator-field-textarea-1_69d078aa81b47-label\" class=\"forminator-label\">Allergier \/ andre kommentarer<\/label><textarea name=\"textarea-1\" placeholder=\"\" id=\"forminator-field-textarea-1_69d078aa81b47\" class=\"forminator-textarea\" rows=\"6\" style=\"min-height:140px;\" ><\/textarea><\/div><\/div><\/div><input type=\"hidden\" name=\"referer_url\" value=\"\" \/><div class=\"forminator-row forminator-row-last\"><div class=\"forminator-col\"><div class=\"forminator-field\"><button class=\"forminator-button forminator-button-submit\">Send<\/button><\/div><\/div><\/div><input type=\"hidden\" id=\"forminator_nonce\" name=\"forminator_nonce\" value=\"f4bbc3fa45\" \/><input type=\"hidden\" name=\"_wp_http_referer\" value=\"\/index.php?rest_route=%2Fwp%2Fv2%2Fpages%2F87\" \/><input type=\"hidden\" name=\"form_id\" value=\"13\"><input type=\"hidden\" name=\"page_id\" value=\"87\"><input type=\"hidden\" name=\"form_type\" value=\"default\"><input type=\"hidden\" name=\"current_url\" value=\"https:\/\/fest-i-vest.dk\/\"><input type=\"hidden\" name=\"render_id\" value=\"0\"><input type=\"hidden\" name=\"action\" value=\"forminator_submit_form_custom-forms\"><\/form><\/div>\n\n\n\n<p><\/p>\n","protected":false},"excerpt":{"rendered":"<p>HVORN\u00c5R HAR DU SIDST V\u00c6RET TILBAGE P\u00c5 VESTJYLLANDS? Savner du ogs\u00e5 at kigge p\u00e5 Wendy-magasiner eller browse p\u00e5 Hestenet.dk p\u00e5 en bl\u00e6sende aften i det vestjyske med alle dine bedste venner? S\u00e5 hop op p\u00e5 sadlen, s\u00e6t i galop mod Skraldhedevej 8 og kom til FOR\u00c5RSELEVWEEKEND 2026! DET PRAKTISKE f\u00f8rst: Weekenden ligger d. 14.-17. maj [&hellip;]<\/p>\n","protected":false},"author":1,"featured_media":0,"parent":0,"menu_order":0,"comment_status":"closed","ping_status":"closed","template":"","meta":{"footnotes":""},"class_list":["post-87","page","type-page","status-publish","hentry"],"_links":{"self":[{"href":"https:\/\/fest-i-vest.dk\/index.php?rest_route=\/wp\/v2\/pages\/87","targetHints":{"allow":["GET"]}}],"collection":[{"href":"https:\/\/fest-i-vest.dk\/index.php?rest_route=\/wp\/v2\/pages"}],"about":[{"href":"https:\/\/fest-i-vest.dk\/index.php?rest_route=\/wp\/v2\/types\/page"}],"author":[{"embeddable":true,"href":"https:\/\/fest-i-vest.dk\/index.php?rest_route=\/wp\/v2\/users\/1"}],"replies":[{"embeddable":true,"href":"https:\/\/fest-i-vest.dk\/index.php?rest_route=%2Fwp%2Fv2%2Fcomments&post=87"}],"version-history":[{"count":7,"href":"https:\/\/fest-i-vest.dk\/index.php?rest_route=\/wp\/v2\/pages\/87\/revisions"}],"predecessor-version":[{"id":96,"href":"https:\/\/fest-i-vest.dk\/index.php?rest_route=\/wp\/v2\/pages\/87\/revisions\/96"}],"wp:attachment":[{"href":"https:\/\/fest-i-vest.dk\/index.php?rest_route=%2Fwp%2Fv2%2Fmedia&parent=87"}],"curies":[{"name":"wp","href":"https:\/\/api.w.org\/{rel}","templated":true}]}}